{"id":389,"date":"2023-07-16T02:14:42","date_gmt":"2023-07-16T02:14:42","guid":{"rendered":"https:\/\/themeholy.com\/wordpress\/edura\/?page_id=389"},"modified":"2025-12-07T06:22:24","modified_gmt":"2025-12-07T06:22:24","slug":"contact","status":"publish","type":"page","link":"https:\/\/english-steps.net\/ar\/contact\/","title":{"rendered":"\u062a\u0648\u0627\u0635\u0644 \u0645\u0639\u0646\u0627"},"content":{"rendered":"\t\t<div data-elementor-type=\"wp-page\" data-elementor-id=\"389\" class=\"elementor elementor-389\" data-elementor-post-type=\"page\">\n\t\t\t\t\t\t<section class=\"elementor-section elementor-top-section elementor-element elementor-element-ebe9513 elementor-section-boxed elementor-section-height-default elementor-section-height-default\" data-id=\"ebe9513\" data-element_type=\"section\" data-e-type=\"section\">\n\t\t\t\t\t\t<div class=\"elementor-container elementor-column-gap-no\">\n\t\t\t\t\t<div class=\"elementor-column elementor-col-100 elementor-top-column elementor-element elementor-element-dc85bd2\" data-id=\"dc85bd2\" data-element_type=\"column\" data-e-type=\"column\">\n\t\t\t<div class=\"elementor-widget-wrap elementor-element-populated\">\n\t\t\t\t\t\t<section class=\"elementor-section elementor-inner-section elementor-element elementor-element-fe0a3ec map-sec elementor-section-boxed elementor-section-height-default elementor-section-height-default\" data-id=\"fe0a3ec\" data-element_type=\"section\" data-e-type=\"section\">\n\t\t\t\t\t\t<div class=\"elementor-container elementor-column-gap-no\">\n\t\t\t\t\t<div class=\"elementor-column elementor-col-100 elementor-inner-column elementor-element elementor-element-8168757  map\" data-id=\"8168757\" data-element_type=\"column\" data-e-type=\"column\">\n\t\t\t<div class=\"elementor-widget-wrap elementor-element-populated\">\n\t\t\t\t\t\t<div class=\"elementor-element elementor-element-901322e elementor-widget elementor-widget-google_maps\" data-id=\"901322e\" data-element_type=\"widget\" data-e-type=\"widget\" data-widget_type=\"google_maps.default\">\n\t\t\t\t<div class=\"elementor-widget-container\">\n\t\t\t\t\t\t\t<div class=\"elementor-custom-embed\">\n\t\t\t<iframe loading=\"lazy\"\n\t\t\t\t\tsrc=\"https:\/\/maps.google.com\/maps?q=Fevzipa%C5%9Fa%20Cd%20Ba%C5%9Fm%C3%BCezzin%20SK%20No%3A30.%20N34000%2C%2034000%20Fatih%2F%C4%B0stanbul%2C%20T%C3%BCrkiye&#038;t=m&#038;z=13&#038;output=embed&#038;iwloc=near\"\n\t\t\t\t\ttitle=\"Fevzipa\u015fa Cd Ba\u015fm\u00fcezzin SK No:30. N34000, 34000 Fatih\/\u0130stanbul, T\u00fcrkiye\"\n\t\t\t\t\taria-label=\"Fevzipa\u015fa Cd Ba\u015fm\u00fcezzin SK No:30. N34000, 34000 Fatih\/\u0130stanbul, T\u00fcrkiye\"\n\t\t\t><\/iframe>\n\t\t<\/div>\n\t\t\t\t\t\t<\/div>\n\t\t\t\t<\/div>\n\t\t\t\t\t<\/div>\n\t\t<\/div>\n\t\t\t\t\t<\/div>\n\t\t<\/section>\n\t\t\t\t<section class=\"elementor-section elementor-inner-section elementor-element elementor-element-c9592c7 elementor-section-boxed elementor-section-height-default elementor-section-height-default\" data-id=\"c9592c7\" data-element_type=\"section\" data-e-type=\"section\">\n\t\t\t\t\t\t<div class=\"elementor-container elementor-column-gap-no\">\n\t\t\t\t\t<div class=\"elementor-column elementor-col-50 elementor-inner-column elementor-element elementor-element-5696c14\" data-id=\"5696c14\" data-element_type=\"column\" data-e-type=\"column\">\n\t\t\t<div class=\"elementor-widget-wrap elementor-element-populated\">\n\t\t\t\t\t\t<div class=\"elementor-element elementor-element-c845d99 border-title h3 elementor-widget elementor-widget-heading\" data-id=\"c845d99\" data-element_type=\"widget\" data-e-type=\"widget\" data-widget_type=\"heading.default\">\n\t\t\t\t<div class=\"elementor-widget-container\">\n\t\t\t\t\t<h2 class=\"elementor-heading-title elementor-size-default\">Have Any Questions?<\/h2>\t\t\t\t<\/div>\n\t\t\t\t<\/div>\n\t\t\r\n\t\t<div class=\"elementor-element elementor-element-b41e393 elementor-widget elementor-widget-text-editor\" data-id=\"b41e393\" data-element_type=\"widget\" data-e-type=\"widget\" data-widget_type=\"text-editor.default\">\n\t\t\t\t<div class=\"elementor-widget-container\">\n\t\t\t\t\t\t\t\t\t<p class=\"mt-n2 mb-25\">Have a inquiry or some feedback for us? Fill out the form <br \/>below to contact our team.<\/p>\t\t\t\t\t\t\t\t<\/div>\n\t\t\t\t<\/div>\n\t\t\t\t<div class=\"elementor-element elementor-element-a2e13dd elementor-widget elementor-widget-eduracontactinfo\" data-id=\"a2e13dd\" data-element_type=\"widget\" data-e-type=\"widget\" data-widget_type=\"eduracontactinfo.default\">\n\t\t\t\t<div class=\"elementor-widget-container\">\n\t\t\t\t\t        <div class=\"contact-feature\"><div class=\"contact-feature-icon th-icon\"><i class=\"fal fa-location-dot\"><\/i><\/div><div class=\"media-body\"><p class=\"contact-feature_label th-title\">Our Address<\/p><a href=\"https:\/\/www.google.com\/maps\/place\/English+Steps+%2F+%D8%AA%D8%B9%D9%84%D9%85+%D8%A7%D9%84%D8%A5%D9%86%D8%AC%D9%84%D9%8A%D8%B2%D9%8A%D8%A9+%D8%A3.+%D9%85%D8%AD%D9%85%D8%AF+%D8%AC%D9%85%D8%A7%D9%84+%D8%A7%D9%84%D8%A8%D9%8A%D8%B7%D8%A7%D8%B1%E2%80%AD\/@41.0205887,28.946818,851m\/data=!3m1!1e3!4m6!3m5!1s0x14cabb2794e43ead:0x83fad265d2818e02!8m2!3d41.0205887!4d28.946818!16s%2Fg%2F11w3l8l50r?entry=ttu&#038;g_ep=EgoyMDI0MTIwMi4wIKXMDSoASAFQAw%3D%3D\" class=\"contact-feature_link th-info\">Fevzipa\u015fa Cd Ba\u015fm\u00fcezzin SK No:30. N34000, 34000 Fatih\/\u0130stanbul, T\u00fcrkiye<\/a><\/div><\/div><div class=\"contact-feature\"><div class=\"contact-feature-icon th-icon\"><i class=\"fal fa-phone\"><\/i><\/div><div class=\"media-body\"><p class=\"contact-feature_label th-title\">Phone Number<\/p><a href=\"tel:+905388951714\" class=\"contact-feature_link th-info\">(+90) - 538895- 1714<\/a><a href=\"tel:\" class=\"contact-feature_link th-info\"><\/a><\/div><\/div><div class=\"contact-feature\"><div class=\"contact-feature-icon th-icon\"><i class=\"fal fa-clock\"><\/i><\/div><div class=\"media-body\"><p class=\"contact-feature_label th-title\">Working Hours<\/p><span class=\"contact-feature_link\">Monday - Friday: 09:00 - 20:00<\/span><span class=\"contact-feature_link\">Sunday &amp; Saturday:  09:00 - 16:00<\/span><\/div><\/div>\t\t\t\t<\/div>\n\t\t\t\t<\/div>\n\t\t\t\t<div class=\"elementor-element elementor-element-32651f3 elementor-widget elementor-widget-heading\" data-id=\"32651f3\" data-element_type=\"widget\" data-e-type=\"widget\" data-widget_type=\"heading.default\">\n\t\t\t\t<div class=\"elementor-widget-container\">\n\t\t\t\t\t<h4 class=\"elementor-heading-title elementor-size-default\">Book an Appointment on WhatsApp<\/h4>\t\t\t\t<\/div>\n\t\t\t\t<\/div>\n\t\t\t\t<div class=\"elementor-element elementor-element-b7c6c0e elementor-align-center elementor-widget elementor-widget-button\" data-id=\"b7c6c0e\" data-element_type=\"widget\" data-e-type=\"widget\" data-widget_type=\"button.default\">\n\t\t\t\t<div class=\"elementor-widget-container\">\n\t\t\t\t\t\t\t\t\t<div class=\"elementor-button-wrapper\">\n\t\t\t\t\t<a class=\"elementor-button elementor-button-link elementor-size-sm\" href=\"https:\/\/wa.me\/905388951714\">\n\t\t\t\t\t\t<span class=\"elementor-button-content-wrapper\">\n\t\t\t\t\t\t<span class=\"elementor-button-icon\">\n\t\t\t\t<svg aria-hidden=\"true\" class=\"e-font-icon-svg e-fab-whatsapp\" viewBox=\"0 0 448 512\" xmlns=\"http:\/\/www.w3.org\/2000\/svg\"><path d=\"M380.9 97.1C339 55.1 283.2 32 223.9 32c-122.4 0-222 99.6-222 222 0 39.1 10.2 77.3 29.6 111L0 480l117.7-30.9c32.4 17.7 68.9 27 106.1 27h.1c122.3 0 224.1-99.6 224.1-222 0-59.3-25.2-115-67.1-157zm-157 341.6c-33.2 0-65.7-8.9-94-25.7l-6.7-4-69.8 18.3L72 359.2l-4.4-7c-18.5-29.4-28.2-63.3-28.2-98.2 0-101.7 82.8-184.5 184.6-184.5 49.3 0 95.6 19.2 130.4 54.1 34.8 34.9 56.2 81.2 56.1 130.5 0 101.8-84.9 184.6-186.6 184.6zm101.2-138.2c-5.5-2.8-32.8-16.2-37.9-18-5.1-1.9-8.8-2.8-12.5 2.8-3.7 5.6-14.3 18-17.6 21.8-3.2 3.7-6.5 4.2-12 1.4-32.6-16.3-54-29.1-75.5-66-5.7-9.8 5.7-9.1 16.3-30.3 1.8-3.7.9-6.9-.5-9.7-1.4-2.8-12.5-30.1-17.1-41.2-4.5-10.8-9.1-9.3-12.5-9.5-3.2-.2-6.9-.2-10.6-.2-3.7 0-9.7 1.4-14.8 6.9-5.1 5.6-19.4 19-19.4 46.3 0 27.3 19.9 53.7 22.6 57.4 2.8 3.7 39.1 59.7 94.8 83.8 35.2 15.2 49 16.5 66.6 13.9 10.7-1.6 32.8-13.4 37.4-26.4 4.6-13 4.6-24.1 3.2-26.4-1.3-2.5-5-3.9-10.5-6.6z\"><\/path><\/svg>\t\t\t<\/span>\n\t\t\t\t\t\t\t\t\t<span class=\"elementor-button-text\">WhatsApp<\/span>\n\t\t\t\t\t<\/span>\n\t\t\t\t\t<\/a>\n\t\t\t\t<\/div>\n\t\t\t\t\t\t\t\t<\/div>\n\t\t\t\t<\/div>\n\t\t\t\t\t<\/div>\n\t\t<\/div>\n\t\t\t\t<div class=\"elementor-column elementor-col-50 elementor-inner-column elementor-element elementor-element-f635e8d\" data-id=\"f635e8d\" data-element_type=\"column\" data-e-type=\"column\">\n\t\t\t<div class=\"elementor-widget-wrap elementor-element-populated\">\n\t\t\t\t<div class=\"elementor-element elementor-element-3e6d82a e-flex e-con-boxed e-con e-parent\" data-id=\"3e6d82a\" data-element_type=\"container\" data-e-type=\"container\">\n\t\t\t\t\t<div class=\"e-con-inner\">\n\t\t\t\t<div class=\"elementor-element elementor-element-432e7a0 elementor-widget__width-inherit elementor-widget elementor-widget-shortcode\" data-id=\"432e7a0\" data-element_type=\"widget\" data-e-type=\"widget\" data-widget_type=\"shortcode.default\">\n\t\t\t\t<div class=\"elementor-widget-container\">\n\t\t\t\t\t\t\t<div class=\"elementor-shortcode\"><div class=\"wpforms-container wpforms-container-full wpforms-render-modern\" id=\"wpforms-5224\"><form id=\"wpforms-form-5224\" class=\"wpforms-validate wpforms-form\" data-formid=\"5224\" method=\"post\" enctype=\"multipart\/form-data\" action=\"\/ar\/wp-json\/wp\/v2\/pages\/389\" data-token=\"e4a84ee71b405a3efe54554022269fcd\" data-token-time=\"1778686864\"><noscript class=\"wpforms-error-noscript\">Please enable JavaScript in your browser to complete this form.<\/noscript><div class=\"wpforms-hidden\" id=\"wpforms-error-noscript\">Please enable JavaScript in your browser to complete this form.<\/div><div class=\"wpforms-field-container\"><div id=\"wpforms-5224-field_15-container\" class=\"wpforms-field wpforms-field-content\" data-field-id=\"15\"><div id=\"wpforms-5224-field_15\" class=\"wpforms-field-medium wpforms-field-row\" aria-errormessage=\"wpforms-5224-field_15-error\"><div style=\"text-align: center;font-family: 'Arial', sans-serif;margin-top: 20px\">\n<p style=\"color: red;font-size: 35px;margin: 0\">Suggestions &amp; Complaints<\/p>\n<h1 style=\"color: #333;font-size: 50px;font-weight: bold;margin: 30px 0\">Share Your Feedback<\/h1>\n<div style=\"width: 130px;height: 2px;background-color: blue;margin: 0 auto;margin-top: 5px\"><\/div>\n<p>&nbsp;<\/p>\n<\/div>\n<div class=\"wpforms-field-content-display-frontend-clear\"><\/div><\/div><\/div><div id=\"wpforms-5224-field_1-container\" class=\"wpforms-field wpforms-field-name\" data-field-id=\"1\"><label class=\"wpforms-field-label\" for=\"wpforms-5224-field_1\">Full Name <span class=\"wpforms-required-label\" aria-hidden=\"true\">*<\/span><\/label><input type=\"text\" id=\"wpforms-5224-field_1\" class=\"wpforms-field-medium wpforms-field-required\" name=\"wpforms[fields][1]\" placeholder=\"Full Name in English (as on certificate)\" aria-errormessage=\"wpforms-5224-field_1-error\" required><\/div><div id=\"wpforms-5224-field_4-container\" class=\"wpforms-field wpforms-field-phone\" data-field-id=\"4\"><label class=\"wpforms-field-label\" for=\"wpforms-5224-field_4\">Phone Number <span class=\"wpforms-required-label\" aria-hidden=\"true\">*<\/span><\/label><input type=\"tel\" id=\"wpforms-5224-field_4\" class=\"wpforms-field-medium wpforms-field-required wpforms-smart-phone-field\" data-rule-smart-phone-field=\"true\" name=\"wpforms[fields][4]\" aria-label=\"Phone Number\" aria-errormessage=\"wpforms-5224-field_4-error\" required><\/div><div id=\"wpforms-5224-field_2-container\" class=\"wpforms-field wpforms-field-email\" data-field-id=\"2\"><label class=\"wpforms-field-label\" for=\"wpforms-5224-field_2\">Email <span class=\"wpforms-required-label\" aria-hidden=\"true\">*<\/span><\/label><input type=\"email\" id=\"wpforms-5224-field_2\" class=\"wpforms-field-medium wpforms-field-required\" name=\"wpforms[fields][2]\" placeholder=\"Example: info@gmail.com\" spellcheck=\"false\" aria-errormessage=\"wpforms-5224-field_2-error\" required><\/div><div id=\"wpforms-5224-field_23-container\" class=\"wpforms-field wpforms-field-select wpforms-field-select-style-modern\" data-field-id=\"23\"><label class=\"wpforms-field-label\" for=\"wpforms-5224-field_23\">Request Type <span class=\"wpforms-required-label\" aria-hidden=\"true\">*<\/span><\/label><select id=\"wpforms-5224-field_23\" class=\"wpforms-field-medium wpforms-field-required choicesjs-select\" data-size-class=\"wpforms-field-row wpforms-field-medium\" data-search-enabled=\"\" name=\"wpforms[fields][23]\" required=\"required\"><option value=\"\" class=\"placeholder\" disabled  selected='selected'>Suggestion<\/option><option value=\"Suggestion\" >Suggestion<\/option><option value=\"Complaint\" >Complaint<\/option><option value=\"Inquiry\" >Inquiry<\/option><\/select><\/div><div id=\"wpforms-5224-field_25-container\" class=\"wpforms-field wpforms-field-textarea\" data-field-id=\"25\"><label class=\"wpforms-field-label\" for=\"wpforms-5224-field_25\">Details <span class=\"wpforms-required-label\" aria-hidden=\"true\">*<\/span><\/label><textarea id=\"wpforms-5224-field_25\" class=\"wpforms-field-medium wpforms-field-required\" name=\"wpforms[fields][25]\" aria-errormessage=\"wpforms-5224-field_25-error\" required><\/textarea><\/div><\/div><!-- .wpforms-field-container --><div class=\"wpforms-recaptcha-container wpforms-is-recaptcha wpforms-is-recaptcha-type-v3\" ><input type=\"hidden\" name=\"wpforms[recaptcha]\" value=\"\"><\/div><div class=\"wpforms-submit-container\" ><input type=\"hidden\" name=\"wpforms[id]\" value=\"5224\"><input type=\"hidden\" name=\"page_title\" value=\"\"><input type=\"hidden\" name=\"page_url\" value=\"https:\/\/english-steps.net\/ar\/wp-json\/wp\/v2\/pages\/389\"><button type=\"submit\" name=\"wpforms[submit]\" id=\"wpforms-submit-5224\" class=\"wpforms-submit\" data-alt-text=\"Sent\" data-submit-text=\"Submit\" aria-live=\"assertive\" value=\"wpforms-submit\">Submit<\/button><\/div><\/form><\/div>  <!-- .wpforms-container --><\/div>\n\t\t\t\t\t\t<\/div>\n\t\t\t\t<\/div>\n\t\t\t\t\t<\/div>\n\t\t\t\t<\/div>\n\t\t\t\t\t<\/div>\n\t\t<\/div>\n\t\t\t\t\t<\/div>\n\t\t<\/section>\n\t\t\t\t\t<\/div>\n\t\t<\/div>\n\t\t\t\t\t<\/div>\n\t\t<\/section>\n\t\t\t\t<\/div>\n\t\t","protected":false},"excerpt":{"rendered":"<p>Have Any Questions? Have a inquiry or some feedback for us? Fill out the form below to contact our team. Our Address Fevzipa\u015fa Cd Ba\u015fm\u00fcezzin SK No:30. N34000, 34000 Fatih\/\u0130stanbul, T\u00fcrkiye Phone Number (+90) &#8211; 538895- 1714 Working Hours Monday &#8211; Friday: 09:00 &#8211; 20:00Sunday &amp; Saturday: 09:00 &#8211; 16:00 Book an Appointment on WhatsApp&#8230;<\/p>","protected":false},"author":2,"featured_media":0,"parent":0,"menu_order":0,"comment_status":"closed","ping_status":"closed","template":"template-builder.php","meta":{"footnotes":""},"class_list":["post-389","page","type-page","status-publish","hentry"],"_links":{"self":[{"href":"https:\/\/english-steps.net\/ar\/wp-json\/wp\/v2\/pages\/389","targetHints":{"allow":["GET"]}}],"collection":[{"href":"https:\/\/english-steps.net\/ar\/wp-json\/wp\/v2\/pages"}],"about":[{"href":"https:\/\/english-steps.net\/ar\/wp-json\/wp\/v2\/types\/page"}],"author":[{"embeddable":true,"href":"https:\/\/english-steps.net\/ar\/wp-json\/wp\/v2\/users\/2"}],"replies":[{"embeddable":true,"href":"https:\/\/english-steps.net\/ar\/wp-json\/wp\/v2\/comments?post=389"}],"version-history":[{"count":45,"href":"https:\/\/english-steps.net\/ar\/wp-json\/wp\/v2\/pages\/389\/revisions"}],"predecessor-version":[{"id":5776,"href":"https:\/\/english-steps.net\/ar\/wp-json\/wp\/v2\/pages\/389\/revisions\/5776"}],"wp:attachment":[{"href":"https:\/\/english-steps.net\/ar\/wp-json\/wp\/v2\/media?parent=389"}],"curies":[{"name":"wp","href":"https:\/\/api.w.org\/{rel}","templated":true}]}}